{"id":7879,"date":"2020-08-07T16:38:50","date_gmt":"2020-08-07T19:38:50","guid":{"rendered":"https:\/\/nascernobrasil.ensp.fiocruz.br\/conta-de-associacao\/niveis-de-associacao\/"},"modified":"2020-08-07T16:38:50","modified_gmt":"2020-08-07T19:38:50","slug":"niveis-de-associacao","status":"publish","type":"page","link":"https:\/\/nascernobrasil.ensp.fiocruz.br\/?page_id=7879","title":{"rendered":"N\u00edveis de associa\u00e7\u00e3o"},"content":{"rendered":"[pmpro_levels]\n","protected":false},"excerpt":{"rendered":"<p>[pmpro_levels]<\/p>\n","protected":false},"author":2,"featured_media":0,"parent":7873,"menu_order":0,"comment_status":"closed","ping_status":"closed","template":"","meta":{"pmpro_default_level":"","footnotes":""},"class_list":["post-7879","page","type-page","status-publish","hentry","pmpro-has-access"],"_links":{"self":[{"href":"https:\/\/nascernobrasil.ensp.fiocruz.br\/index.php?rest_route=\/wp\/v2\/pages\/7879","targetHints":{"allow":["GET"]}}],"collection":[{"href":"https:\/\/nascernobrasil.ensp.fiocruz.br\/index.php?rest_route=\/wp\/v2\/pages"}],"about":[{"href":"https:\/\/nascernobrasil.ensp.fiocruz.br\/index.php?rest_route=\/wp\/v2\/types\/page"}],"author":[{"embeddable":true,"href":"https:\/\/nascernobrasil.ensp.fiocruz.br\/index.php?rest_route=\/wp\/v2\/users\/2"}],"replies":[{"embeddable":true,"href":"https:\/\/nascernobrasil.ensp.fiocruz.br\/index.php?rest_route=%2Fwp%2Fv2%2Fcomments&post=7879"}],"version-history":[{"count":0,"href":"https:\/\/nascernobrasil.ensp.fiocruz.br\/index.php?rest_route=\/wp\/v2\/pages\/7879\/revisions"}],"up":[{"embeddable":true,"href":"https:\/\/nascernobrasil.ensp.fiocruz.br\/index.php?rest_route=\/wp\/v2\/pages\/7873"}],"wp:attachment":[{"href":"https:\/\/nascernobrasil.ensp.fiocruz.br\/index.php?rest_route=%2Fwp%2Fv2%2Fmedia&parent=7879"}],"curies":[{"name":"wp","href":"https:\/\/api.w.org\/{rel}","templated":true}]}}